{"id":15047,"date":"2020-04-20T01:05:57","date_gmt":"2020-04-19T22:05:57","guid":{"rendered":"https:\/\/champlacanienathenes.net\/programme-of-activities-archive\/"},"modified":"2020-05-03T02:37:28","modified_gmt":"2020-05-02T23:37:28","slug":"archive-des-programmes-dactivites","status":"publish","type":"page","link":"https:\/\/champlacanienathenes.net\/fr\/archive-des-programmes-dactivites\/","title":{"rendered":"Archive des programmes d&#8217;activit\u00e9s"},"content":{"rendered":"<section class=\"wpb-content-wrapper\">[vc_section full_height=&#8221;yes&#8221; content_placement=&#8221;middle&#8221; wn_class=&#8221;wn-section-5e7628264ed01&#8243; css=&#8221;.vc_custom_1584914233169{background-color: #fbeeca !important;}&#8221; dec_full_height=&#8221;200&#8243;][vc_row wn_class=&#8221;wn-row-5e76523ad0df5&#8243;][vc_column wn_class=&#8221;wn-column-5e76523ad0d61&#8243;]<div class=\"wn-distance-100 wn-distance-mob-inherit\"><\/div>[\/vc_column][\/vc_row][vc_row content_placement=&#8221;middle&#8221; wn_class=&#8221;wn-row-5e764bcdee077&#8243;][vc_column width=&#8221;1\/2&#8243; wn_class=&#8221;wn-column-5e76523ad0d61&#8243;][vc_row_inner][vc_column_inner width=&#8221;1\/12&#8243;][\/vc_column_inner][vc_column_inner width=&#8221;11\/12&#8243;]<div class=\"wn-distance-20 wn-distance-mob-inherit\"><\/div>\n\t\t\t<div class=\"wn-deep-title-wrap   \"    data-id=\"1\">\n\t\t\t\t<div class=\"wn-deep-title\">\n\t\t\t\t\t<span class=\"wn-deep-title-shape after shape-coutn-0\"><\/span><h1 class=\"  wn-deep-innertitle\">ARCHIVE DES PROGRAMMES D'ACTIVIT\u00c9S<\/h1><h2 class=\"  wn-deep-subtitle\">Les programmes pr\u00e9sent\u00e9s font partie des archives du Forum d\u2019Ath\u00e8nes.<\/h2>\n\t\t\t\t<\/div>\n\t\t\t<\/div><div class=\"wn-distance-10 wn-distance-mob-inherit\"><\/div>[vc_column_text css_animation=&#8221;slideInUp&#8221;]\n<p style=\"font-weight: 300; font-size: 24px; line-height: 1.2; color: #241c15;\">Les dates, les horaires et les activit\u00e9s peuvent \u00eatre \u00e9ventuellement modifi\u00e9s et sont r\u00e9pertori\u00e9s dans le programme mensuel et dans les archives des activit\u00e9s.<\/p>\n[\/vc_column_text]<div class=\"wn-distance-10 wn-distance-mob-inherit\"><\/div>[\/vc_column_inner][\/vc_row_inner][\/vc_column][vc_column width=&#8221;1\/2&#8243; wn_class=&#8221;wn-column-5e76523ad0d61&#8243;]<div class=\"wn-distance-20 wn-distance-mob-40\"><\/div>[vc_single_image image=&#8221;14948&#8243; img_size=&#8221;full&#8221; alignment=&#8221;center&#8221; css=&#8221;.vc_custom_1587466448080{margin-right: 2% !important;margin-left: 2% !important;}&#8221;][\/vc_column][\/vc_row][vc_row wn_class=&#8221;wn-row-5e76523ad0df5&#8243;][vc_column wn_class=&#8221;wn-column-5e76523ad0d61&#8243;]<div class=\"wn-distance-80 wn-distance-mob-40\"><\/div>[\/vc_column][\/vc_row][\/vc_section][vc_section][vc_row wn_class=&#8221;wn-row-5e76523ad0df5&#8243;][vc_column wn_class=&#8221;wn-column-5e76523ad0d61&#8243;]<div class=\"wn-distance-80 wn-distance-mob-40\"><\/div>[\/vc_column][\/vc_row][vc_row][vc_column]<!-- The Grid Plugin Version 2.7.9.1 --><div class=\"tg-error-msg\" data-grid-name=\"Doragrid_FR\">No post was found with your current grid settings.&#xa;You should verify if you have posts inside the current selected post type(s) and if the meta key filter is not too much restrictive.<\/div>[\/vc_column][\/vc_row][vc_row wn_class=&#8221;wn-row-5e76523ad0df5&#8243;][vc_column wn_class=&#8221;wn-column-5e76523ad0d61&#8243;]<div class=\"wn-distance-80 wn-distance-mob-40\"><\/div>[\/vc_column][\/vc_row][\/vc_section]\n<\/section>","protected":false},"excerpt":{"rendered":"<p>[vc_section full_height=&#8221;yes&#8221; content_placement=&#8221;middle&#8221; wn_class=&#8221;wn-section-5e7628264ed01&#8243; css=&#8221;.vc_custom_1584914233169{background-color: #fbeeca !important;}&#8221; dec_full_height=&#8221;200&#8243;][vc_row wn_class=&#8221;wn-row-5e76523ad0df5&#8243;][vc_column wn_class=&#8221;wn-column-5e76523ad0d61&#8243;][\/vc_column][\/vc_row][vc_row content_placement=&#8221;middle&#8221; wn_class=&#8221;wn-row-5e764bcdee077&#8243;][vc_column width=&#8221;1\/2&#8243; wn_class=&#8221;wn-column-5e76523ad0d61&#8243;][vc_row_inner][vc_column_inner width=&#8221;1\/12&#8243;][\/vc_column_inner][vc_column_inner width=&#8221;11\/12&#8243;][vc_column_text css_animation=&#8221;slideInUp&#8221;] Les dates, les horaires et les activit\u00e9s peuvent \u00eatre \u00e9ventuellement modifi\u00e9s et sont r\u00e9pertori\u00e9s dans le programme mensuel et dans les archives des activit\u00e9s. [\/vc_column_text][\/vc_column_inner][\/vc_row_inner][\/vc_column][vc_column width=&#8221;1\/2&#8243; wn_class=&#8221;wn-column-5e76523ad0d61&#8243;][vc_single_image image=&#8221;14948&#8243; img_size=&#8221;full&#8221; alignment=&#8221;center&#8221; css=&#8221;.vc_custom_1587466448080{margin-right: 2% !important;margin-left: 2% !important;}&#8221;][\/vc_column][\/vc_row][vc_row wn_class=&#8221;wn-row-5e76523ad0df5&#8243;][vc_column wn_class=&#8221;wn-column-5e76523ad0d61&#8243;][\/vc_column][\/vc_row][\/vc_section][vc_section][vc_row wn_class=&#8221;wn-row-5e76523ad0df5&#8243;][vc_column wn_class=&#8221;wn-column-5e76523ad0d61&#8243;][\/vc_column][\/vc_row][vc_row][vc_column][\/vc_column][\/vc_row][vc_row wn_class=&#8221;wn-row-5e76523ad0df5&#8243;][vc_column wn_class=&#8221;wn-column-5e76523ad0d61&#8243;][\/vc_column][\/vc_row][\/vc_section]<\/p>\n","protected":false},"author":1,"featured_media":0,"parent":0,"menu_order":0,"comment_status":"closed","ping_status":"closed","template":"","meta":{"footnotes":""},"class_list":["post-15047","page","type-page","status-publish","hentry"],"_links":{"self":[{"href":"https:\/\/champlacanienathenes.net\/fr\/wp-json\/wp\/v2\/pages\/15047","targetHints":{"allow":["GET"]}}],"collection":[{"href":"https:\/\/champlacanienathenes.net\/fr\/wp-json\/wp\/v2\/pages"}],"about":[{"href":"https:\/\/champlacanienathenes.net\/fr\/wp-json\/wp\/v2\/types\/page"}],"author":[{"embeddable":true,"href":"https:\/\/champlacanienathenes.net\/fr\/wp-json\/wp\/v2\/users\/1"}],"replies":[{"embeddable":true,"href":"https:\/\/champlacanienathenes.net\/fr\/wp-json\/wp\/v2\/comments?post=15047"}],"version-history":[{"count":0,"href":"https:\/\/champlacanienathenes.net\/fr\/wp-json\/wp\/v2\/pages\/15047\/revisions"}],"wp:attachment":[{"href":"https:\/\/champlacanienathenes.net\/fr\/wp-json\/wp\/v2\/media?parent=15047"}],"curies":[{"name":"wp","href":"https:\/\/api.w.org\/{rel}","templated":true}]}}