{"id":14445,"date":"2020-04-12T15:08:40","date_gmt":"2020-04-12T12:08:40","guid":{"rendered":"https:\/\/champlacanienathenes.net\/nea\/"},"modified":"2020-04-12T15:10:33","modified_gmt":"2020-04-12T12:10:33","slug":"actualite","status":"publish","type":"page","link":"https:\/\/champlacanienathenes.net\/fr\/actualite\/","title":{"rendered":"L&#8217;actualit\u00e9 et annonces"},"content":{"rendered":"<section class=\"wpb-content-wrapper\">[vc_section][vc_row][vc_column]<div class=\"wn-distance-40 wn-distance-mob-inherit\"><\/div><div class=\"wn-blogws-wrap \"  ><div class=\"blg-personal-list wn-blog-ajax\"><article id=\"post-819043\" class=\"blog-post blgtyp5  post-819043 post type-post status-publish format-standard has-post-thumbnail hentry category-actualites-du-forum\">\n\t\t\t<div class=\"alpha\">\n\t\t\t<img decoding=\"async\" data-src=\"https:\/\/champlacanienathenes.net\/wp-content\/uploads\/\u0391\u03c6\u03af\u03c3\u03b1-25-26-fr-548x394.jpeg\" alt=\"\" src=\"data:image\/svg+xml;base64,PHN2ZyB3aWR0aD0iMSIgaGVpZ2h0PSIxIiB4bWxucz0iaHR0cDovL3d3dy53My5vcmcvMjAwMC9zdmciPjwvc3ZnPg==\" class=\"lazyload\" style=\"--smush-placeholder-width: 548px; --smush-placeholder-aspect-ratio: 548\/394;\">\t\t<\/div>\n\t\t<div class=\"omega\">\n\t\t\t\t\t\t\t<div class=\"blgtyp5-contnet\">\n\t\t\t\t\t<div class=\"post-meta-data\">\n\t\t\t\t\t\t\t\t\t\t\t\t\t<div class=\"blog-cat\"> <span class=\"category-color\" style=\"background: #060059;\"><\/span> <a href=\"https:\/\/champlacanienathenes.net\/fr\/category\/actualites-du-forum\/\" rel=\"category tag\">Actualit\u00e9s du forum<\/a> <\/div>\n\t\t\t\t\t\t\t\t\t\t\t\t\t\t<h6 class=\"blog-date\"> <a href=\"https:\/\/champlacanienathenes.net\/fr\/actualites-du-forum\/le-programme-annuel-de-la-formation-clinique-2025-26\/\">1 octobre 2025<\/a> <\/h6>\n\t\t\t\t\t\t\t\t\t\t\t\t\t<div class=\"clearfix\"><\/div>\n\t\t\t\t\t<\/div>\n\t\t\t\t\t\t\t\t\t\t\t\t<h3 class=\"post-title\"><a class=\"hcolorf\" href=\"https:\/\/champlacanienathenes.net\/fr\/actualites-du-forum\/le-programme-annuel-de-la-formation-clinique-2025-26\/\">Programme de la formation clinique 2025-2026<\/a><\/h3>\n\t\t\t\t\t\t\t<p>[vc_row][vc_column][vc_column_text]Chers coll\u00e8gues, membres et amis du Forum d\u2019Ath\u00e8nes, Nous vous souhaitons une ann\u00e9e acad\u00e9mique heureuse et cr\u00e9ative...<\/p>\t\t\t\t<\/div>\n\t\t\t<\/div>\n<\/article><\/div><div class=\"blg-personal-list wn-blog-ajax\"><article id=\"post-819053\" class=\"blog-post blgtyp5 has-no-thumbnail post-819053 post type-post status-publish format-standard hentry category-actualites-du-forum\">\n\t\t\t\t<div class=\"col-md-12 omega\">\n\t\t\t\t\t\t\t\t<div class=\"blgtyp5-contnet\">\n\t\t\t\t\t<div class=\"post-meta-data\">\n\t\t\t\t\t\t\t\t\t\t\t\t\t<div class=\"blog-cat\"> <span class=\"category-color\" style=\"background: #060059;\"><\/span> <a href=\"https:\/\/champlacanienathenes.net\/fr\/category\/actualites-du-forum\/\" rel=\"category tag\">Actualit\u00e9s du forum<\/a> <\/div>\n\t\t\t\t\t\t\t\t\t\t\t\t\t\t<h6 class=\"blog-date\"> <a href=\"https:\/\/champlacanienathenes.net\/fr\/actualites-du-forum\/programme-de-la-formation-clinique-2024-25\/\">1 octobre 2024<\/a> <\/h6>\n\t\t\t\t\t\t\t\t\t\t\t\t\t<div class=\"clearfix\"><\/div>\n\t\t\t\t\t<\/div>\n\t\t\t\t\t\t\t\t\t\t\t\t<h3 class=\"post-title\"><a class=\"hcolorf\" href=\"https:\/\/champlacanienathenes.net\/fr\/actualites-du-forum\/programme-de-la-formation-clinique-2024-25\/\">Programme de la formation clinique 2024-2025<\/a><\/h3>\n\t\t\t\t\t\t\t<p>[vc_row][vc_column][vc_column_text]Chers coll\u00e8gues, membres et amis du Forum d\u2019Ath\u00e8nes, Nous vous souhaitons une ann\u00e9e acad\u00e9mique heureuse et cr\u00e9ative...<\/p>\t\t\t\t<\/div>\n\t\t\t<\/div>\n<\/article><\/div><div class=\"blg-personal-list wn-blog-ajax\"><article id=\"post-661702\" class=\"blog-post blgtyp5 has-no-thumbnail post-661702 post type-post status-publish format-standard hentry category-actualites-du-forum\">\n\t\t\t\t<div class=\"col-md-12 omega\">\n\t\t\t\t\t\t\t\t<div class=\"blgtyp5-contnet\">\n\t\t\t\t\t<div class=\"post-meta-data\">\n\t\t\t\t\t\t\t\t\t\t\t\t\t<div class=\"blog-cat\"> <span class=\"category-color\" style=\"background: #060059;\"><\/span> <a href=\"https:\/\/champlacanienathenes.net\/fr\/category\/actualites-du-forum\/\" rel=\"category tag\">Actualit\u00e9s du forum<\/a> <\/div>\n\t\t\t\t\t\t\t\t\t\t\t\t\t\t<h6 class=\"blog-date\"> <a href=\"https:\/\/champlacanienathenes.net\/fr\/actualites-du-forum\/programme-de-la-formation-clinique-2023-2024\/\">7 septembre 2023<\/a> <\/h6>\n\t\t\t\t\t\t\t\t\t\t\t\t\t<div class=\"clearfix\"><\/div>\n\t\t\t\t\t<\/div>\n\t\t\t\t\t\t\t\t\t\t\t\t<h3 class=\"post-title\"><a class=\"hcolorf\" href=\"https:\/\/champlacanienathenes.net\/fr\/actualites-du-forum\/programme-de-la-formation-clinique-2023-2024\/\">Programme de la formation clinique 2023-2024<\/a><\/h3>\n\t\t\t\t\t\t\t<p>[vc_row][vc_column][vc_column_text]Chers coll\u00e8gues, membres et amis du Forum d\u2019Ath\u00e8nes, Nous vous souhaitons une ann\u00e9e acad\u00e9mique heureuse et cr\u00e9ative...<\/p>\t\t\t\t<\/div>\n\t\t\t<\/div>\n<\/article><\/div><div class=\"blg-personal-list wn-blog-ajax\"><article id=\"post-559082\" class=\"blog-post blgtyp5 has-no-thumbnail post-559082 post type-post status-publish format-standard hentry category-actualites-du-forum\">\n\t\t\t\t<div class=\"col-md-12 omega\">\n\t\t\t\t\t\t\t\t<div class=\"blgtyp5-contnet\">\n\t\t\t\t\t<div class=\"post-meta-data\">\n\t\t\t\t\t\t\t\t\t\t\t\t\t<div class=\"blog-cat\"> <span class=\"category-color\" style=\"background: #060059;\"><\/span> <a href=\"https:\/\/champlacanienathenes.net\/fr\/category\/actualites-du-forum\/\" rel=\"category tag\">Actualit\u00e9s du forum<\/a> <\/div>\n\t\t\t\t\t\t\t\t\t\t\t\t\t\t<h6 class=\"blog-date\"> <a href=\"https:\/\/champlacanienathenes.net\/fr\/actualites-du-forum\/programme-de-la-formation-clinique-2022-2023\/\">6 janvier 2023<\/a> <\/h6>\n\t\t\t\t\t\t\t\t\t\t\t\t\t<div class=\"clearfix\"><\/div>\n\t\t\t\t\t<\/div>\n\t\t\t\t\t\t\t\t\t\t\t\t<h3 class=\"post-title\"><a class=\"hcolorf\" href=\"https:\/\/champlacanienathenes.net\/fr\/actualites-du-forum\/programme-de-la-formation-clinique-2022-2023\/\">Programme de la formation clinique 2022-2023<\/a><\/h3>\n\t\t\t\t\t\t\t<p>Chers coll\u00e8gues, membres et amis du Forum d&#8217;Ath\u00e8nes, Nous vous souhaitons une ann\u00e9e acad\u00e9mique heureuse et cr\u00e9ative...<\/p>\t\t\t\t<\/div>\n\t\t\t<\/div>\n<\/article><\/div><div class=\"blg-personal-list wn-blog-ajax\"><article id=\"post-101955\" class=\"blog-post blgtyp5  post-101955 post type-post status-publish format-standard has-post-thumbnail hentry category-theme-detude tag-2019-2020-lefficace-du-transfert-face-aux-symptomes\">\n\t\t\t<div class=\"alpha\">\n\t\t\t<img decoding=\"async\" data-src=\"https:\/\/champlacanienathenes.net\/wp-content\/uploads\/Metavivasi-477x394.jpg\" alt=\"\u0397 \u03b1\u03c0\u03bf\u03c4\u03b5\u03bb\u03b5\u03c3\u03bc\u03b1\u03c4\u03b9\u03ba\u03cc\u03c4\u03b7\u03c4\u03b1 \u03c4\u03b7\u03c2 \u03bc\u03b5\u03c4\u03b1\u03b2\u03af\u03b2\u03b1\u03c3\u03b7\u03c2 \u03ad\u03bd\u03b1\u03bd\u03c4\u03b9 \u03c4\u03c9\u03bd \u03c3\u03c5\u03bc\u03c0\u03c4\u03c9\u03bc\u03ac\u03c4\u03c9\u03bd\" src=\"data:image\/svg+xml;base64,PHN2ZyB3aWR0aD0iMSIgaGVpZ2h0PSIxIiB4bWxucz0iaHR0cDovL3d3dy53My5vcmcvMjAwMC9zdmciPjwvc3ZnPg==\" class=\"lazyload\" style=\"--smush-placeholder-width: 477px; --smush-placeholder-aspect-ratio: 477\/394;\">\t\t<\/div>\n\t\t<div class=\"omega\">\n\t\t\t\t\t\t\t<div class=\"blgtyp5-contnet\">\n\t\t\t\t\t<div class=\"post-meta-data\">\n\t\t\t\t\t\t\t\t\t\t\t\t\t<div class=\"blog-cat\"> <span class=\"category-color\" style=\"background: #FFAAD3;\"><\/span> <a href=\"https:\/\/champlacanienathenes.net\/fr\/category\/actualites-du-forum\/theme-detude\/\" rel=\"category tag\">Th\u00e8me d&#039;\u00e9tude<\/a> <\/div>\n\t\t\t\t\t\t\t\t\t\t\t\t\t\t<h6 class=\"blog-date\"> <a href=\"https:\/\/champlacanienathenes.net\/fr\/actualites-du-forum\/theme-detude\/lefficace-du-transfert-face-aux-symptomes\/\">17 d\u00e9cembre 2020<\/a> <\/h6>\n\t\t\t\t\t\t\t\t\t\t\t\t\t<div class=\"clearfix\"><\/div>\n\t\t\t\t\t<\/div>\n\t\t\t\t\t\t\t\t\t\t\t\t<h3 class=\"post-title\"><a class=\"hcolorf\" href=\"https:\/\/champlacanienathenes.net\/fr\/actualites-du-forum\/theme-detude\/lefficace-du-transfert-face-aux-symptomes\/\">L\u2019efficace du transfert face aux sympt\u00f4mes<\/a><\/h3>\n\t\t\t\t\t\t\t<p>S&#8217;il n&#8217;a pas fallu attendre la psychanalyse pour th\u00e9matiser la port\u00e9e de la relation th\u00e9rapeutique sur l&#8217;am\u00e9lioration...<\/p>\t\t\t\t<\/div>\n\t\t\t<\/div>\n<\/article><\/div><div class=\"blg-personal-list wn-blog-ajax\"><article id=\"post-101735\" class=\"blog-post blgtyp5  post-101735 post type-post status-publish format-standard has-post-thumbnail hentry category-theme-detude tag-2020-2021-cas-durgence\">\n\t\t\t<div class=\"alpha\">\n\t\t\t<img decoding=\"async\" data-src=\"https:\/\/champlacanienathenes.net\/wp-content\/uploads\/Periptoseis-epeigontos-548x394.jpg\" alt=\"\" src=\"data:image\/svg+xml;base64,PHN2ZyB3aWR0aD0iMSIgaGVpZ2h0PSIxIiB4bWxucz0iaHR0cDovL3d3dy53My5vcmcvMjAwMC9zdmciPjwvc3ZnPg==\" class=\"lazyload\" style=\"--smush-placeholder-width: 548px; --smush-placeholder-aspect-ratio: 548\/394;\">\t\t<\/div>\n\t\t<div class=\"omega\">\n\t\t\t\t\t\t\t<div class=\"blgtyp5-contnet\">\n\t\t\t\t\t<div class=\"post-meta-data\">\n\t\t\t\t\t\t\t\t\t\t\t\t\t<div class=\"blog-cat\"> <span class=\"category-color\" style=\"background: #FFAAD3;\"><\/span> <a href=\"https:\/\/champlacanienathenes.net\/fr\/category\/actualites-du-forum\/theme-detude\/\" rel=\"category tag\">Th\u00e8me d&#039;\u00e9tude<\/a> <\/div>\n\t\t\t\t\t\t\t\t\t\t\t\t\t\t<h6 class=\"blog-date\"> <a href=\"https:\/\/champlacanienathenes.net\/fr\/actualites-du-forum\/theme-detude\/cas-durgence\/\">17 d\u00e9cembre 2020<\/a> <\/h6>\n\t\t\t\t\t\t\t\t\t\t\t\t\t<div class=\"clearfix\"><\/div>\n\t\t\t\t\t<\/div>\n\t\t\t\t\t\t\t\t\t\t\t\t<h3 class=\"post-title\"><a class=\"hcolorf\" href=\"https:\/\/champlacanienathenes.net\/fr\/actualites-du-forum\/theme-detude\/cas-durgence\/\">Cas d&#8217;urgence<\/a><\/h3>\n\t\t\t\t\t\t\t<p>\u00ab Cas d\u2019urgence \u00bb peut \u00eatre entendu comme la formule de Lacan pour qualifier chaque analysant en...<\/p>\t\t\t\t<\/div>\n\t\t\t<\/div>\n<\/article><\/div><div class=\"blg-personal-list wn-blog-ajax\"><article id=\"post-14166\" class=\"blog-post blgtyp5 has-no-thumbnail post-14166 post type-post status-publish format-standard hentry category-actualites-du-forum tag-covid-19-fr\">\n\t\t\t\t<div class=\"col-md-12 omega\">\n\t\t\t\t\t\t\t\t<div class=\"blgtyp5-contnet\">\n\t\t\t\t\t<div class=\"post-meta-data\">\n\t\t\t\t\t\t\t\t\t\t\t\t\t<div class=\"blog-cat\"> <span class=\"category-color\" style=\"background: #060059;\"><\/span> <a href=\"https:\/\/champlacanienathenes.net\/fr\/category\/actualites-du-forum\/\" rel=\"category tag\">Actualit\u00e9s du forum<\/a> <\/div>\n\t\t\t\t\t\t\t\t\t\t\t\t\t\t<h6 class=\"blog-date\"> <a href=\"https:\/\/champlacanienathenes.net\/fr\/actualites-du-forum\/commencer-des-seminaires-en-ligne\/\">3 avril 2020<\/a> <\/h6>\n\t\t\t\t\t\t\t\t\t\t\t\t\t<div class=\"clearfix\"><\/div>\n\t\t\t\t\t<\/div>\n\t\t\t\t\t\t\t\t\t\t\t\t<h3 class=\"post-title\"><a class=\"hcolorf\" href=\"https:\/\/champlacanienathenes.net\/fr\/actualites-du-forum\/commencer-des-seminaires-en-ligne\/\">Commencer des s\u00e9minaires en ligne<\/a><\/h3>\n\t\t\t\t\t\t\t<p>Cher(e)s coll\u00e8gues, A la suite de l&#8217;annonce du Comit\u00e9 de la formation clinique diffus\u00e9e par le responsable...<\/p>\t\t\t\t<\/div>\n\t\t\t<\/div>\n<\/article><\/div><div class=\"blg-personal-list wn-blog-ajax\"><article id=\"post-14167\" class=\"blog-post blgtyp5 has-no-thumbnail post-14167 post type-post status-publish format-standard hentry category-actualites-du-forum tag-covid-19-fr tag--fr\">\n\t\t\t\t<div class=\"col-md-12 omega\">\n\t\t\t\t\t\t\t\t<div class=\"blgtyp5-contnet\">\n\t\t\t\t\t<div class=\"post-meta-data\">\n\t\t\t\t\t\t\t\t\t\t\t\t\t<div class=\"blog-cat\"> <span class=\"category-color\" style=\"background: #060059;\"><\/span> <a href=\"https:\/\/champlacanienathenes.net\/fr\/category\/actualites-du-forum\/\" rel=\"category tag\">Actualit\u00e9s du forum<\/a> <\/div>\n\t\t\t\t\t\t\t\t\t\t\t\t\t\t<h6 class=\"blog-date\"> <a href=\"https:\/\/champlacanienathenes.net\/fr\/actualites-du-forum\/suspension-des-activites-du-programme-de-la-formation-clinique\/\">11 mars 2020<\/a> <\/h6>\n\t\t\t\t\t\t\t\t\t\t\t\t\t<div class=\"clearfix\"><\/div>\n\t\t\t\t\t<\/div>\n\t\t\t\t\t\t\t\t\t\t\t\t<h3 class=\"post-title\"><a class=\"hcolorf\" href=\"https:\/\/champlacanienathenes.net\/fr\/actualites-du-forum\/suspension-des-activites-du-programme-de-la-formation-clinique\/\">Suspension des activit\u00e9s du programme de la formation clinique<\/a><\/h3>\n\t\t\t\t\t\t\t<p>Cher(e)s coll\u00e8gues, chers membres et ami(e)s du Forum d&#8217;Ath\u00e8nes, Je vous transf\u00e8re une annonce du Comit\u00e9 de...<\/p>\t\t\t\t<\/div>\n\t\t\t<\/div>\n<\/article><\/div><div class=\"blg-personal-list wn-blog-ajax\"><article id=\"post-14168\" class=\"blog-post blgtyp5 has-no-thumbnail post-14168 post type-post status-publish format-standard hentry category-actualites-du-forum tag-delegue tag--fr\">\n\t\t\t\t<div class=\"col-md-12 omega\">\n\t\t\t\t\t\t\t\t<div class=\"blgtyp5-contnet\">\n\t\t\t\t\t<div class=\"post-meta-data\">\n\t\t\t\t\t\t\t\t\t\t\t\t\t<div class=\"blog-cat\"> <span class=\"category-color\" style=\"background: #060059;\"><\/span> <a href=\"https:\/\/champlacanienathenes.net\/fr\/category\/actualites-du-forum\/\" rel=\"category tag\">Actualit\u00e9s du forum<\/a> <\/div>\n\t\t\t\t\t\t\t\t\t\t\t\t\t\t<h6 class=\"blog-date\"> <a href=\"https:\/\/champlacanienathenes.net\/fr\/actualites-du-forum\/programme-de-la-formation-clinique-2019-2020\/\">1 octobre 2019<\/a> <\/h6>\n\t\t\t\t\t\t\t\t\t\t\t\t\t<div class=\"clearfix\"><\/div>\n\t\t\t\t\t<\/div>\n\t\t\t\t\t\t\t\t\t\t\t\t<h3 class=\"post-title\"><a class=\"hcolorf\" href=\"https:\/\/champlacanienathenes.net\/fr\/actualites-du-forum\/programme-de-la-formation-clinique-2019-2020\/\">Programme de la formation clinique 2019-2020<\/a><\/h3>\n\t\t\t\t\t\t\t<p>Cher(e)s coll\u00e8gues, chers membres et cher(e)s ami(e)s du Forum d&#8217;Ath\u00e8nes, J&#8217;esp\u00e8re que cette ann\u00e9e acad\u00e9mique sera positive...<\/p>\t\t\t\t<\/div>\n\t\t\t<\/div>\n<\/article><\/div><div class=\"blg-personal-list wn-blog-ajax\"><article id=\"post-101672\" class=\"blog-post blgtyp5  post-101672 post type-post status-publish format-standard has-post-thumbnail hentry category-theme-detude tag-2018-2019-parole-et-violence-les-paradoxes-de-la-parole\">\n\t\t\t<div class=\"alpha\">\n\t\t\t<img decoding=\"async\" data-src=\"https:\/\/champlacanienathenes.net\/wp-content\/uploads\/Via-kai-omilia-548x394.jpg\" alt=\"\u0392\u03af\u03b1 \u03ba\u03b1\u03b9 \u03bf\u03bc\u03b9\u03bb\u03af\u03b1\" src=\"data:image\/svg+xml;base64,PHN2ZyB3aWR0aD0iMSIgaGVpZ2h0PSIxIiB4bWxucz0iaHR0cDovL3d3dy53My5vcmcvMjAwMC9zdmciPjwvc3ZnPg==\" class=\"lazyload\" style=\"--smush-placeholder-width: 548px; --smush-placeholder-aspect-ratio: 548\/394;\">\t\t<\/div>\n\t\t<div class=\"omega\">\n\t\t\t\t\t\t\t<div class=\"blgtyp5-contnet\">\n\t\t\t\t\t<div class=\"post-meta-data\">\n\t\t\t\t\t\t\t\t\t\t\t\t\t<div class=\"blog-cat\"> <span class=\"category-color\" style=\"background: #FFAAD3;\"><\/span> <a href=\"https:\/\/champlacanienathenes.net\/fr\/category\/actualites-du-forum\/theme-detude\/\" rel=\"category tag\">Th\u00e8me d&#039;\u00e9tude<\/a> <\/div>\n\t\t\t\t\t\t\t\t\t\t\t\t\t\t<h6 class=\"blog-date\"> <a href=\"https:\/\/champlacanienathenes.net\/fr\/actualites-du-forum\/theme-detude\/parole-et-violence-les-paradoxes-de-la-parole\/\">1 juin 2018<\/a> <\/h6>\n\t\t\t\t\t\t\t\t\t\t\t\t\t<div class=\"clearfix\"><\/div>\n\t\t\t\t\t<\/div>\n\t\t\t\t\t\t\t\t\t\t\t\t<h3 class=\"post-title\"><a class=\"hcolorf\" href=\"https:\/\/champlacanienathenes.net\/fr\/actualites-du-forum\/theme-detude\/parole-et-violence-les-paradoxes-de-la-parole\/\">Parole et violence : les paradoxes de la parole<\/a><\/h3>\n\t\t\t\t\t\t\t<p>&nbsp; \u00ab\u00a0\u2212\u00a0l&#8217;inconscient, ce n&#8217;est pas que l&#8217;\u00eatre pense\u00a0[&#8230;] l&#8217;inconscient,\u00a0c&#8217;est que l&#8217;\u00eatre, en parlant, jouisse, et,\u00a0j&#8217;ajoute,\u00a0ne veuille rien...<\/p>\t\t\t\t<\/div>\n\t\t\t<\/div>\n<\/article><\/div>\t\t\t<div\n\t\t\t\tclass=\"wn-loadmore-ajax\"\n\t\t\t\tdata-site-url=\"https:\/\/champlacanienathenes.net\/fr\/wp-json\/wp\/v2\/pages\/14445\/\"\n\t\t\t\tdata-current-page=\"\"\n\t\t\t\tdata-max-page-num=\"2\"\n\t\t\t\tdata-total=\"10\"\n\t\t\t\tdata-post-pre-page=\"12\"\n\t\t\t\tdata-no-more-post=\"NO MORE POST\"\n\t\t\t>\n\t\t\t\t<a href=\"#\">LOAD MORE<\/a>\n\t\t\t<\/div> \n\t\t\t<\/div><div class=\"wn-distance-70 wn-distance-mob-inherit\"><\/div>[\/vc_column][\/vc_row][\/vc_section]\n<\/section>","protected":false},"excerpt":{"rendered":"<p>[vc_section][vc_row][vc_column][\/vc_column][\/vc_row][\/vc_section]<\/p>\n","protected":false},"author":1,"featured_media":0,"parent":0,"menu_order":0,"comment_status":"closed","ping_status":"closed","template":"","meta":{"footnotes":""},"class_list":["post-14445","page","type-page","status-publish","hentry"],"_links":{"self":[{"href":"https:\/\/champlacanienathenes.net\/fr\/wp-json\/wp\/v2\/pages\/14445","targetHints":{"allow":["GET"]}}],"collection":[{"href":"https:\/\/champlacanienathenes.net\/fr\/wp-json\/wp\/v2\/pages"}],"about":[{"href":"https:\/\/champlacanienathenes.net\/fr\/wp-json\/wp\/v2\/types\/page"}],"author":[{"embeddable":true,"href":"https:\/\/champlacanienathenes.net\/fr\/wp-json\/wp\/v2\/users\/1"}],"replies":[{"embeddable":true,"href":"https:\/\/champlacanienathenes.net\/fr\/wp-json\/wp\/v2\/comments?post=14445"}],"version-history":[{"count":0,"href":"https:\/\/champlacanienathenes.net\/fr\/wp-json\/wp\/v2\/pages\/14445\/revisions"}],"wp:attachment":[{"href":"https:\/\/champlacanienathenes.net\/fr\/wp-json\/wp\/v2\/media?parent=14445"}],"curies":[{"name":"wp","href":"https:\/\/api.w.org\/{rel}","templated":true}]}}