{"id":14397,"date":"2020-04-12T13:48:04","date_gmt":"2020-04-12T10:48:04","guid":{"rendered":"https:\/\/champlacanienathenes.net\/programma\/"},"modified":"2020-05-03T02:37:02","modified_gmt":"2020-05-02T23:37:02","slug":"activites-mensuel","status":"publish","type":"page","link":"https:\/\/champlacanienathenes.net\/fr\/activites-mensuel\/","title":{"rendered":"Programme d&#8217;activit\u00e9s mensuel"},"content":{"rendered":"<section class=\"wpb-content-wrapper\">[vc_row][vc_column]<div class=\"mec-wrap mec-skin-list-container  \" id=\"mec_skin_14393\">\r\n\r\n    \r\n        <div class=\"mec-skin-list-events-container\" id=\"mec_skin_events_14393\">\r\n        Aucun \u00e9v\u00e9nement trouv\u00e9 !    <\/div>\r\n    \r\n    \r\n<\/div>\r\n[\/vc_column][\/vc_row]\n<\/section>","protected":false},"excerpt":{"rendered":"<p>[vc_row][vc_column][\/vc_column][\/vc_row]<\/p>\n","protected":false},"author":1,"featured_media":0,"parent":0,"menu_order":0,"comment_status":"closed","ping_status":"closed","template":"","meta":{"footnotes":""},"class_list":["post-14397","page","type-page","status-publish","hentry"],"_links":{"self":[{"href":"https:\/\/champlacanienathenes.net\/fr\/wp-json\/wp\/v2\/pages\/14397","targetHints":{"allow":["GET"]}}],"collection":[{"href":"https:\/\/champlacanienathenes.net\/fr\/wp-json\/wp\/v2\/pages"}],"about":[{"href":"https:\/\/champlacanienathenes.net\/fr\/wp-json\/wp\/v2\/types\/page"}],"author":[{"embeddable":true,"href":"https:\/\/champlacanienathenes.net\/fr\/wp-json\/wp\/v2\/users\/1"}],"replies":[{"embeddable":true,"href":"https:\/\/champlacanienathenes.net\/fr\/wp-json\/wp\/v2\/comments?post=14397"}],"version-history":[{"count":0,"href":"https:\/\/champlacanienathenes.net\/fr\/wp-json\/wp\/v2\/pages\/14397\/revisions"}],"wp:attachment":[{"href":"https:\/\/champlacanienathenes.net\/fr\/wp-json\/wp\/v2\/media?parent=14397"}],"curies":[{"name":"wp","href":"https:\/\/api.w.org\/{rel}","templated":true}]}}