{"id":14193,"date":"2020-04-11T18:08:19","date_gmt":"2020-04-11T15:08:19","guid":{"rendered":"https:\/\/champlacanienathenes.net\/%cf%84%ce%b9-%ce%b5%ce%af%ce%bd%ce%b1%ce%b9-%cf%88%cf%85%cf%87%ce%b1%ce%bd%ce%ac%ce%bb%cf%85%cf%83%ce%b7\/"},"modified":"2020-05-03T02:20:32","modified_gmt":"2020-05-02T23:20:32","slug":"psychanalyse","status":"publish","type":"page","link":"https:\/\/champlacanienathenes.net\/fr\/psychanalyse\/","title":{"rendered":"Qu&#8217;est-ce que la psychanalyse?"},"content":{"rendered":"<section class=\"wpb-content-wrapper\">[vc_section full_height=&#8221;yes&#8221; content_placement=&#8221;middle&#8221; wn_class=&#8221;wn-section-5e7628264ed01&#8243; css=&#8221;.vc_custom_1584914233169{background-color: #fbeeca !important;}&#8221; dec_full_height=&#8221;200&#8243;][vc_row wn_class=&#8221;wn-row-5e76523ad0df5&#8243;][vc_column wn_class=&#8221;wn-column-5e76523ad0d61&#8243;]<div class=\"wn-distance-100 wn-distance-mob-inherit\"><\/div>[\/vc_column][\/vc_row][vc_row content_placement=&#8221;middle&#8221; wn_class=&#8221;wn-row-5e764bcdee077&#8243;][vc_column width=&#8221;1\/2&#8243; wn_class=&#8221;wn-column-5e76523ad0d61&#8243;][vc_row_inner][vc_column_inner width=&#8221;1\/12&#8243;][\/vc_column_inner][vc_column_inner width=&#8221;11\/12&#8243;]<div class=\"wn-distance-20 wn-distance-mob-inherit\"><\/div>\n\t\t\t<div class=\"wn-deep-title-wrap   \"    data-id=\"1\">\n\t\t\t\t<div class=\"wn-deep-title\">\n\t\t\t\t\t<span class=\"wn-deep-title-shape after shape-coutn-0\"><\/span><h1 class=\"  wn-deep-innertitle\">QU'EST-CE QUE LA PSYCHANALYSE<\/h1><h2 class=\"  wn-deep-subtitle\">Tu ne te trouves pas au centre de toi-m\u00eame, car il y a en toi un autre sujet, ton<br \/>\ninconscient.<\/h2>\n\t\t\t\t<\/div>\n\t\t\t<\/div><div class=\"wn-distance-10 wn-distance-mob-inherit\"><\/div>[vc_column_text css_animation=&#8221;slideInUp&#8221;]\n<p style=\"font-weight: 300; font-size: 24px; line-height: 1.2; color: #241c15;\">L&#8217;objet de la psychanalyse est le traitement de l&#8217;inconscient et de ses processus.<\/p>\n[\/vc_column_text]<div class=\"wn-distance-10 wn-distance-mob-inherit\"><\/div>[\/vc_column_inner][\/vc_row_inner][\/vc_column][vc_column width=&#8221;1\/2&#8243; wn_class=&#8221;wn-column-5e76523ad0d61&#8243;]<div class=\"wn-distance-20 wn-distance-mob-40\"><\/div>[vc_single_image image=&#8221;14003&#8243; img_size=&#8221;400&#215;400&#8243; alignment=&#8221;center&#8221; css=&#8221;.vc_custom_1586616992344{margin-right: 2% !important;margin-left: 2% !important;}&#8221;][\/vc_column][\/vc_row][vc_row wn_class=&#8221;wn-row-5e76523ad0df5&#8243;][vc_column wn_class=&#8221;wn-column-5e76523ad0d61&#8243;]<div class=\"wn-distance-80 wn-distance-mob-40\"><\/div>[\/vc_column][\/vc_row][\/vc_section][vc_section][vc_row][vc_column width=&#8221;1\/6&#8243; wn_class=&#8221;wn-column-5bc22f25d25f0&#8243; css=&#8221;.vc_custom_1540927704957{padding-top: 5% !important;padding-right: 10% !important;padding-left: 10% !important;}&#8221;][\/vc_column][vc_column width=&#8221;2\/3&#8243;]<div class=\"wn-distance-80 wn-distance-mob-40\"><\/div>[vc_column_text]\n<h3 style=\"text-align: center;\">Freud a d\u00e9crit l\u2019importance de la d\u00e9couverte de l\u2019inconscient en parlant des humiliations que \u00ab\u00a0la science a inflig[\u00e9es] \u00e0 l&#8217;\u00e9go\u00efsme na\u00eff de l&#8217;humanit\u00e9\u00a0\u00bb.<\/h3>\n[\/vc_column_text][\/vc_column][vc_column width=&#8221;1\/6&#8243;][\/vc_column][\/vc_row][vc_row gap=&#8221;35&#8243; content_placement=&#8221;middle&#8221; wn_class=&#8221;wn-row-5bc222bf85cd1&#8243; css=&#8221;.vc_custom_1584896601424{padding-top: 2% !important;padding-right: 10% !important;padding-bottom: 2% !important;padding-left: 10% !important;}&#8221;][vc_column width=&#8221;1\/5&#8243;][vc_single_image image=&#8221;14024&#8243; img_size=&#8221;full&#8221; alignment=&#8221;center&#8221;][\/vc_column][vc_column width=&#8221;4\/5&#8243;][vc_column_text]La premi\u00e8re fois, ce fut lorsqu&#8217;elle a montr\u00e9 que la terre, loin d&#8217;\u00eatre le centre de l&#8217;univers, ne forme qu&#8217;une parcelle insignifiante du syst\u00e8me cosmique dont nous pouvons \u00e0 peine nous repr\u00e9senter la grandeur. Cette premi\u00e8re d\u00e9monstration se rattache pour nous au nom de Copernic, bien que la science alexandrine ait d\u00e9j\u00e0 annonc\u00e9 quelque chose de semblable.[\/vc_column_text][\/vc_column][\/vc_row][vc_row content_placement=&#8221;middle&#8221; wn_class=&#8221;wn-row-5bc223cd576c4&#8243; css=&#8221;.vc_custom_1540928825359{padding-right: 8% !important;padding-left: 8% !important;}&#8221;][vc_column wn_class=&#8221;wn-column-5e77a1d338592&#8243; offset=&#8221;vc_hidden-xs&#8221;][vc_separator][\/vc_column][\/vc_row][vc_row gap=&#8221;35&#8243; content_placement=&#8221;middle&#8221; wn_class=&#8221;wn-row-5bc222bf85cd1&#8243; css=&#8221;.vc_custom_1584816933249{padding-top: 5% !important;padding-right: 10% !important;padding-bottom: 2% !important;padding-left: 10% !important;}&#8221;][vc_column width=&#8221;1\/5&#8243;][vc_single_image image=&#8221;14017&#8243; img_size=&#8221;full&#8221; alignment=&#8221;center&#8221;][\/vc_column][vc_column width=&#8221;4\/5&#8243;][vc_column_text]Le second d\u00e9menti fut inflig\u00e9 \u00e0 l&#8217;humanit\u00e9 par la recherche biologique, lorsqu&#8217;elle a r\u00e9duit \u00e0 rien les pr\u00e9tentions de l&#8217;homme \u00e0 une place privil\u00e9gi\u00e9e dans l&#8217;ordre de la cr\u00e9ation, en \u00e9tablissant sa descendance du r\u00e8gne animal et en montrant l&#8217;indestructibilit\u00e9 de sa nature animale. Cette derni\u00e8re r\u00e9volution s&#8217;est accomplie de nos jours, \u00e0 la suite des travaux de Ch. Darwin, de Wallace et de leurs pr\u00e9d\u00e9cesseurs, travaux qui ont provoqu\u00e9 la r\u00e9sistance la plus acharn\u00e9e des contemporains.[\/vc_column_text][\/vc_column][\/vc_row][vc_row content_placement=&#8221;middle&#8221; wn_class=&#8221;wn-row-5bc223cd576c4&#8243; css=&#8221;.vc_custom_1540928834465{padding-right: 8% !important;padding-left: 8% !important;}&#8221;][vc_column wn_class=&#8221;wn-column-5e77a19130cfe&#8221; offset=&#8221;vc_hidden-xs&#8221;][vc_separator][\/vc_column][\/vc_row][vc_row gap=&#8221;35&#8243; content_placement=&#8221;middle&#8221; wn_class=&#8221;wn-row-5bc222bf85cd1&#8243; css=&#8221;.vc_custom_1584896663688{padding-top: 5% !important;padding-right: 10% !important;padding-bottom: 5% !important;padding-left: 10% !important;}&#8221;][vc_column width=&#8221;1\/5&#8243;][vc_single_image image=&#8221;14020&#8243; img_size=&#8221;full&#8221; alignment=&#8221;center&#8221;][\/vc_column][vc_column width=&#8221;4\/5&#8243;][vc_column_text]Un troisi\u00e8me d\u00e9menti sera inflig\u00e9 \u00e0 la m\u00e9galomanie humaine par la recherche psychologique de nos jours qui se propose de montrer au moi qu&#8217;il n&#8217;est seulement pas ma\u00eetre dans sa propre maison, qu&#8217;il en est r\u00e9duit \u00e0 se contenter de renseignements rares et fragmentaires sur ce qui se passe, en dehors de sa conscience, dans sa vie psychique.[\/vc_column_text][\/vc_column][\/vc_row][\/vc_section][vc_section][vc_row][vc_column width=&#8221;1\/6&#8243; wn_class=&#8221;wn-column-5bc22f25d25f0&#8243; css=&#8221;.vc_custom_1540927704957{padding-top: 5% !important;padding-right: 10% !important;padding-left: 10% !important;}&#8221;][\/vc_column][vc_column width=&#8221;2\/3&#8243;][vc_column_text]\n<h3 style=\"text-align: center;\">La terre arr\u00eate d\u2019\u00eatre le centre du monde, l\u2019homme se trouve parmi les esp\u00e8ces animales et le moi subit les proc\u00e9d\u00e9s de l\u2019inconscient sans pouvoir ni les contr\u00f4ler ni les pr\u00e9voir.<\/h3>\n[\/vc_column_text]<div class=\"wn-distance-80 wn-distance-mob-inherit\"><\/div>[\/vc_column][vc_column width=&#8221;1\/6&#8243;][\/vc_column][\/vc_row][\/vc_section][vc_section wn_class=&#8221;wn-section-5e63f566c60ce&#8221; css=&#8221;.vc_custom_1584968319647{background-color: #9fd677 !important;}&#8221;][vc_row][vc_column]<div class=\"wn-distance-60 wn-distance-mob-inherit\"><\/div>[\/vc_column][\/vc_row][vc_row content_placement=&#8221;middle&#8221; equal_height=&#8221;yes&#8221; wn_class=&#8221;wn-row-5e63f460b4712&#8243;][vc_column width=&#8221;1\/12&#8243; wn_class=&#8221;wn-column-5e78a2acd668a&#8221;][\/vc_column][vc_column width=&#8221;4\/12&#8243; wn_class=&#8221;wn-column-5e6404954d459&#8243;][vc_single_image image=&#8221;14009&#8243; img_size=&#8221;medium&#8221; alignment=&#8221;center&#8221;][\/vc_column][vc_column width=&#8221;6\/12&#8243; wn_class=&#8221;wn-column-5e78a2acd668a&#8221;]<div class=\"wn-distance-40 wn-distance-mob-inherit\"><\/div>[vc_column_text]\n<h3><strong>A ce moment-l\u00e0, la psychanalyse naquit pour explorer l\u2019inconscient et ses manifestations.<\/strong><\/h3>\n[\/vc_column_text]<div class=\"wn-distance-10 wn-distance-mob-inherit\"><\/div>[vc_column_text css_animation=&#8221;none&#8221; enable_animation_pro=&#8221;&#8221;]\n<p style=\"font-weight: 300; font-size: 20px; line-height: 1.2; color: #241c15;\">Il s\u2019agit d\u2019un discours subversif qui place l\u2019homme au centre comme sujet de son r\u00e9cit et l\u2019invite \u00e0 assumer la responsabilit\u00e9 de son existence et de son d\u00e9sir \u00e0 une \u00e9poque o\u00f9 la vie humaine se d\u00e9valorise malgr\u00e9 les lois et les institutions qui assurent sa d\u00e9fense.<\/p>\n[\/vc_column_text]<div class=\"wn-distance-40 wn-distance-mob-inherit\"><\/div>[\/vc_column][vc_column width=&#8221;1\/12&#8243; wn_class=&#8221;wn-column-5e78ae87cccd3&#8243;][\/vc_column][\/vc_row][vc_row][vc_column]<div class=\"wn-distance-60 wn-distance-mob-inherit\"><\/div>[\/vc_column][\/vc_row][\/vc_section]\n<\/section>","protected":false},"excerpt":{"rendered":"<p>[vc_section full_height=&#8221;yes&#8221; content_placement=&#8221;middle&#8221; wn_class=&#8221;wn-section-5e7628264ed01&#8243; css=&#8221;.vc_custom_1584914233169{background-color: #fbeeca !important;}&#8221; dec_full_height=&#8221;200&#8243;][vc_row wn_class=&#8221;wn-row-5e76523ad0df5&#8243;][vc_column wn_class=&#8221;wn-column-5e76523ad0d61&#8243;][\/vc_column][\/vc_row][vc_row content_placement=&#8221;middle&#8221; wn_class=&#8221;wn-row-5e764bcdee077&#8243;][vc_column width=&#8221;1\/2&#8243; wn_class=&#8221;wn-column-5e76523ad0d61&#8243;][vc_row_inner][vc_column_inner width=&#8221;1\/12&#8243;][\/vc_column_inner][vc_column_inner width=&#8221;11\/12&#8243;][vc_column_text css_animation=&#8221;slideInUp&#8221;] L&#8217;objet de la psychanalyse est le traitement de l&#8217;inconscient et de ses processus. [\/vc_column_text][\/vc_column_inner][\/vc_row_inner][\/vc_column][vc_column width=&#8221;1\/2&#8243; wn_class=&#8221;wn-column-5e76523ad0d61&#8243;][vc_single_image image=&#8221;14003&#8243; img_size=&#8221;400&#215;400&#8243; alignment=&#8221;center&#8221; css=&#8221;.vc_custom_1586616992344{margin-right: 2% !important;margin-left: 2% !important;}&#8221;][\/vc_column][\/vc_row][vc_row wn_class=&#8221;wn-row-5e76523ad0df5&#8243;][vc_column wn_class=&#8221;wn-column-5e76523ad0d61&#8243;][\/vc_column][\/vc_row][\/vc_section][vc_section][vc_row][vc_column width=&#8221;1\/6&#8243; wn_class=&#8221;wn-column-5bc22f25d25f0&#8243; css=&#8221;.vc_custom_1540927704957{padding-top: 5% !important;padding-right: 10% !important;padding-left: 10% !important;}&#8221;][\/vc_column][vc_column width=&#8221;2\/3&#8243;][vc_column_text] Freud a d\u00e9crit l\u2019importance de la d\u00e9couverte de l\u2019inconscient en parlant des humiliations que \u00ab\u00a0la science a inflig[\u00e9es] \u00e0 l&#8217;\u00e9go\u00efsme na\u00eff de l&#8217;humanit\u00e9\u00a0\u00bb. [\/vc_column_text][\/vc_column][vc_column width=&#8221;1\/6&#8243;][\/vc_column][\/vc_row][vc_row gap=&#8221;35&#8243; content_placement=&#8221;middle&#8221; wn_class=&#8221;wn-row-5bc222bf85cd1&#8243; css=&#8221;.vc_custom_1584896601424{padding-top: 2% !important;padding-right: 10% !important;padding-bottom: 2% !important;padding-left: 10% !important;}&#8221;][vc_column width=&#8221;1\/5&#8243;][vc_single_image image=&#8221;14024&#8243; img_size=&#8221;full&#8221; alignment=&#8221;center&#8221;][\/vc_column][vc_column width=&#8221;4\/5&#8243;][vc_column_text]La premi\u00e8re fois, ce fut lorsqu&#8217;elle a montr\u00e9 que la terre, loin d&#8217;\u00eatre le centre de l&#8217;univers, ne forme qu&#8217;une parcelle insignifiante du syst\u00e8me cosmique dont nous pouvons \u00e0 peine nous repr\u00e9senter la grandeur. Cette premi\u00e8re d\u00e9monstration se rattache pour nous au nom de Copernic, bien que la science alexandrine ait d\u00e9j\u00e0 annonc\u00e9 quelque chose de semblable.[\/vc_column_text][\/vc_column][\/vc_row][vc_row content_placement=&#8221;middle&#8221; wn_class=&#8221;wn-row-5bc223cd576c4&#8243; css=&#8221;.vc_custom_1540928825359{padding-right: 8% !important;padding-left: 8% !important;}&#8221;][vc_column wn_class=&#8221;wn-column-5e77a1d338592&#8243; offset=&#8221;vc_hidden-xs&#8221;][vc_separator][\/vc_column][\/vc_row][vc_row gap=&#8221;35&#8243; content_placement=&#8221;middle&#8221; wn_class=&#8221;wn-row-5bc222bf85cd1&#8243; css=&#8221;.vc_custom_1584816933249{padding-top: 5% !important;padding-right: 10% !important;padding-bottom: 2% !important;padding-left: 10% !important;}&#8221;][vc_column width=&#8221;1\/5&#8243;][vc_single_image image=&#8221;14017&#8243; img_size=&#8221;full&#8221; alignment=&#8221;center&#8221;][\/vc_column][vc_column width=&#8221;4\/5&#8243;][vc_column_text]Le second d\u00e9menti fut inflig\u00e9 \u00e0 l&#8217;humanit\u00e9 par la recherche biologique, lorsqu&#8217;elle a r\u00e9duit \u00e0 rien les pr\u00e9tentions de l&#8217;homme \u00e0 une place privil\u00e9gi\u00e9e dans l&#8217;ordre de la cr\u00e9ation, en \u00e9tablissant sa descendance du r\u00e8gne animal et en montrant l&#8217;indestructibilit\u00e9 de sa nature animale. Cette derni\u00e8re r\u00e9volution s&#8217;est accomplie de nos jours, \u00e0 la suite des travaux de Ch. Darwin, de Wallace et de leurs pr\u00e9d\u00e9cesseurs, travaux qui ont provoqu\u00e9 la r\u00e9sistance la plus acharn\u00e9e des contemporains.[\/vc_column_text][\/vc_column][\/vc_row][vc_row content_placement=&#8221;middle&#8221; wn_class=&#8221;wn-row-5bc223cd576c4&#8243; css=&#8221;.vc_custom_1540928834465{padding-right: 8% !important;padding-left: 8% !important;}&#8221;][vc_column wn_class=&#8221;wn-column-5e77a19130cfe&#8221; offset=&#8221;vc_hidden-xs&#8221;][vc_separator][\/vc_column][\/vc_row][vc_row gap=&#8221;35&#8243; content_placement=&#8221;middle&#8221; wn_class=&#8221;wn-row-5bc222bf85cd1&#8243; css=&#8221;.vc_custom_1584896663688{padding-top: 5% !important;padding-right: 10% !important;padding-bottom: 5% !important;padding-left: 10% !important;}&#8221;][vc_column width=&#8221;1\/5&#8243;][vc_single_image image=&#8221;14020&#8243; img_size=&#8221;full&#8221; alignment=&#8221;center&#8221;][\/vc_column][vc_column width=&#8221;4\/5&#8243;][vc_column_text]Un troisi\u00e8me d\u00e9menti sera inflig\u00e9 \u00e0 la m\u00e9galomanie humaine par la recherche psychologique de nos jours qui se propose de montrer au&#8230; <\/p>\n<p><a class=\"readmore\" href=\"https:\/\/champlacanienathenes.net\/fr\/psychanalyse\/\">Continue Reading<\/a><\/p>\n","protected":false},"author":1,"featured_media":0,"parent":0,"menu_order":0,"comment_status":"closed","ping_status":"closed","template":"","meta":{"footnotes":""},"class_list":["post-14193","page","type-page","status-publish","hentry"],"_links":{"self":[{"href":"https:\/\/champlacanienathenes.net\/fr\/wp-json\/wp\/v2\/pages\/14193","targetHints":{"allow":["GET"]}}],"collection":[{"href":"https:\/\/champlacanienathenes.net\/fr\/wp-json\/wp\/v2\/pages"}],"about":[{"href":"https:\/\/champlacanienathenes.net\/fr\/wp-json\/wp\/v2\/types\/page"}],"author":[{"embeddable":true,"href":"https:\/\/champlacanienathenes.net\/fr\/wp-json\/wp\/v2\/users\/1"}],"replies":[{"embeddable":true,"href":"https:\/\/champlacanienathenes.net\/fr\/wp-json\/wp\/v2\/comments?post=14193"}],"version-history":[{"count":0,"href":"https:\/\/champlacanienathenes.net\/fr\/wp-json\/wp\/v2\/pages\/14193\/revisions"}],"wp:attachment":[{"href":"https:\/\/champlacanienathenes.net\/fr\/wp-json\/wp\/v2\/media?parent=14193"}],"curies":[{"name":"wp","href":"https:\/\/api.w.org\/{rel}","templated":true}]}}