{"id":14179,"date":"2020-04-11T18:20:40","date_gmt":"2020-04-11T15:20:40","guid":{"rendered":"https:\/\/champlacanienathenes.net\/istoriki-anadromi\/"},"modified":"2020-11-02T00:52:32","modified_gmt":"2020-11-01T22:52:32","slug":"historique","status":"publish","type":"page","link":"https:\/\/champlacanienathenes.net\/fr\/historique\/","title":{"rendered":"Historique"},"content":{"rendered":"<section class=\"wpb-content-wrapper\">[vc_section full_width=&#8221;yes&#8221; full_height=&#8221;yes&#8221; bg_position=&#8221;center bottom&#8221; wn_class=&#8221;wn-section-5e87319bc3896&#8243; css=&#8221;.vc_custom_1604270725716{background-image: url(https:\/\/champlacanienathenes.net\/wp-content\/uploads\/Barcelona.jpg?id=14042) !important;}&#8221;][vc_row][vc_column]<div class=\"wn-distance-100 wn-distance-mob-inherit\"><\/div>[\/vc_column][\/vc_row][vc_row][vc_column width=&#8221;5\/12&#8243; wn_class=&#8221;wn-column-5e871f7da0a74&#8243; css=&#8221;.vc_custom_1585919127749{margin-top: 15% !important;margin-right: 20% !important;margin-bottom: 20% !important;margin-left: 15% !important;padding-top: 8% !important;padding-right: 8% !important;padding-bottom: 8% !important;padding-left: 8% !important;background-color: #ffffff !important;}&#8221; offset=&#8221;vc_col-xs-8&#8243;]\n\t\t\t<div class=\"wn-deep-title-wrap   \"    data-id=\"1\">\n\t\t\t\t<div class=\"wn-deep-title\">\n\t\t\t\t\t<span class=\"wn-deep-title-shape after shape-coutn-0\"><\/span><h1 class=\"  wn-deep-innertitle\">BARCELONE, ESPAGNE<\/h1><h2 class=\"  wn-deep-subtitle\">1998<\/h2>\n\t\t\t\t<\/div>\n\t\t\t<\/div><div class=\"wn-distance-10 wn-distance-mob-0\"><\/div>[vc_column_text css_animation=&#8221;none&#8221;]\n<p style=\"font-weight: 300; font-size: 20px; line-height: 1.2; color: #241c15;\">Fondation de l&#8217;Internationale des Forums du champ lacanien. Le Forum d&#8217;Ath\u00e8nes fut membre fondateur.<\/p>\n[\/vc_column_text][\/vc_column][\/vc_row][\/vc_section][vc_section full_width=&#8221;yes&#8221; full_height=&#8221;yes&#8221; bg_position=&#8221;right center&#8221; wn_class=&#8221;wn-section-5e8744fdc58a1&#8243; css=&#8221;.vc_custom_1604270849938{background-image: url(https:\/\/champlacanienathenes.net\/wp-content\/uploads\/Paris.jpg?id=14036) !important;}&#8221;][vc_row][vc_column width=&#8221;5\/12&#8243; wn_class=&#8221;wn-column-5e871f7da0a74&#8243; css=&#8221;.vc_custom_1585919163427{margin-top: 15% !important;margin-right: 20% !important;margin-bottom: 20% !important;margin-left: 15% !important;padding-top: 8% !important;padding-right: 8% !important;padding-bottom: 8% !important;padding-left: 8% !important;background-color: #ffffff !important;}&#8221; offset=&#8221;vc_col-xs-8&#8243;]\n\t\t\t<div class=\"wn-deep-title-wrap   \"    data-id=\"2\">\n\t\t\t\t<div class=\"wn-deep-title\">\n\t\t\t\t\t<span class=\"wn-deep-title-shape after shape-coutn-0\"><\/span><h1 class=\"  wn-deep-innertitle\">PARIS, FRANCE<\/h1><h2 class=\"  wn-deep-subtitle\">2001<\/h2>\n\t\t\t\t<\/div>\n\t\t\t<\/div><div class=\"wn-distance-10 wn-distance-mob-0\"><\/div>[vc_column_text css_animation=&#8221;none&#8221;]\n<p style=\"font-weight: 300; font-size: 20px; line-height: 1.2; color: #241c15;\">Cr\u00e9ation de l\u2019Ecole de l\u2019Internationale des Forums du champ lacanien. Les premiers invit\u00e9s du Forum d\u2019Ath\u00e8nes sont Jacques Adam, Marc Strauss, Louis Izcovich, Colette Soler.<\/p>\n[\/vc_column_text][\/vc_column][\/vc_row][\/vc_section][vc_section full_width=&#8221;yes&#8221; full_height=&#8221;yes&#8221; bg_position=&#8221;center bottom&#8221; wn_class=&#8221;wn-section-5e87451b81759&#8243; css=&#8221;.vc_custom_1604270875337{background-image: url(https:\/\/champlacanienathenes.net\/wp-content\/uploads\/forum_BWv2.jpg?id=14049) !important;}&#8221;][vc_row][vc_column width=&#8221;5\/12&#8243; wn_class=&#8221;wn-column-5e871f7da0a74&#8243; css=&#8221;.vc_custom_1585919163427{margin-top: 15% !important;margin-right: 20% !important;margin-bottom: 20% !important;margin-left: 15% !important;padding-top: 8% !important;padding-right: 8% !important;padding-bottom: 8% !important;padding-left: 8% !important;background-color: #ffffff !important;}&#8221; offset=&#8221;vc_col-xs-8&#8243;]\n\t\t\t<div class=\"wn-deep-title-wrap   \"    data-id=\"3\">\n\t\t\t\t<div class=\"wn-deep-title\">\n\t\t\t\t\t<span class=\"wn-deep-title-shape after shape-coutn-0\"><\/span><h1 class=\"  wn-deep-innertitle\">AGIAS FILOTHEIS 17, ATH\u00c8NES<\/h1><h2 class=\"  wn-deep-subtitle\">2011<\/h2>\n\t\t\t\t<\/div>\n\t\t\t<\/div><div class=\"wn-distance-10 wn-distance-mob-0\"><\/div>[vc_column_text css_animation=&#8221;none&#8221;]\n<p style=\"font-weight: 300; font-size: 20px; line-height: 1.2; color: #241c15;\">Le Forum d\u2019Ath\u00e8nes s\u2019installe dans le quartier de Plaka, au 17 rue Agias Filothe\u00efs. Ce lieu devient son si\u00e8ge officiel. Apparition du premier num\u00e9ro de la revue Cartel et de la collection Petite Biblioth\u00e8que aux \u00e9ditions Indiktos.<\/p>\n[\/vc_column_text][\/vc_column][\/vc_row][\/vc_section][vc_section full_width=&#8221;yes&#8221; full_height=&#8221;yes&#8221; bg_position=&#8221;center bottom&#8221; wn_class=&#8221;wn-section-5e873053da705&#8243; css=&#8221;.vc_custom_1604270950388{background-image: url(https:\/\/champlacanienathenes.net\/wp-content\/uploads\/Volos.jpg?id=14045) !important;}&#8221;][vc_row][vc_column width=&#8221;5\/12&#8243; wn_class=&#8221;wn-column-5e871f7da0a74&#8243; css=&#8221;.vc_custom_1585919170106{margin-top: 15% !important;margin-right: 20% !important;margin-bottom: 20% !important;margin-left: 15% !important;padding-top: 8% !important;padding-right: 8% !important;padding-bottom: 8% !important;padding-left: 8% !important;background-color: #ffffff !important;}&#8221; offset=&#8221;vc_col-xs-8&#8243;]\n\t\t\t<div class=\"wn-deep-title-wrap   \"    data-id=\"4\">\n\t\t\t\t<div class=\"wn-deep-title\">\n\t\t\t\t\t<span class=\"wn-deep-title-shape after shape-coutn-0\"><\/span><h1 class=\"  wn-deep-innertitle\">VOLOS, GR\u00c8CE<\/h1><h2 class=\"  wn-deep-subtitle\">2012<\/h2>\n\t\t\t\t<\/div>\n\t\t\t<\/div><div class=\"wn-distance-10 wn-distance-mob-0\"><\/div>[vc_column_text css_animation=&#8221;none&#8221;]\n<p style=\"font-weight: 300; font-size: 20px; line-height: 1.2; color: #241c15;\">Le Forum d\u2019Ath\u00e8nes commence la collaboration avec le centre de sant\u00e9 psychique de Volos qui durera deux ans. La clinique des n\u00e9vroses et des psychoses se trouve au centre de la probl\u00e9matique des s\u00e9minaires.<\/p>\n[\/vc_column_text][\/vc_column][\/vc_row][\/vc_section][vc_section full_width=&#8221;yes&#8221; full_height=&#8221;yes&#8221; bg_position=&#8221;left bottom&#8221; wn_class=&#8221;wn-section-5e8730bed7525&#8243; css=&#8221;.vc_custom_1604271027652{background-image: url(https:\/\/champlacanienathenes.net\/wp-content\/uploads\/Hospital-Sotiria.jpg?id=14033) !important;}&#8221;][vc_row][vc_column width=&#8221;5\/12&#8243; wn_class=&#8221;wn-column-5e871f7da0a74&#8243; css=&#8221;.vc_custom_1585919177690{margin-top: 15% !important;margin-right: 20% !important;margin-bottom: 20% !important;margin-left: 15% !important;padding-top: 8% !important;padding-right: 8% !important;padding-bottom: 8% !important;padding-left: 8% !important;background-color: #ffffff !important;}&#8221; offset=&#8221;vc_col-xs-8&#8243;]\n\t\t\t<div class=\"wn-deep-title-wrap   \"    data-id=\"5\">\n\t\t\t\t<div class=\"wn-deep-title\">\n\t\t\t\t\t<span class=\"wn-deep-title-shape after shape-coutn-0\"><\/span><h1 class=\"  wn-deep-innertitle\">H\u00d4PITAL G\u00c9N\u00c9RAL D'ATH\u00c8NES POUR LES MALADIES THORACIQUES \u00abSOTIRIA\u00bb<\/h1><h2 class=\"  wn-deep-subtitle\">2013<\/h2>\n\t\t\t\t<\/div>\n\t\t\t<\/div><div class=\"wn-distance-10 wn-distance-mob-0\"><\/div>[vc_column_text css_animation=&#8221;none&#8221;]\n<p style=\"font-weight: 300; font-size: 20px; line-height: 1.2; color: #241c15;\">Cr\u00e9ation de la formation clinique du Forum d\u2019Ath\u00e8nes et inauguration des s\u00e9minaires annuels en collaboration avec le domaine psychiatrique de l&#8217;h\u00f4pital g\u00e9n\u00e9ral d&#8217;Ath\u00e8nes pour les maladies thoraciques \u00abSotiria\u00bb.<\/p>\n[\/vc_column_text][\/vc_column][\/vc_row][\/vc_section][vc_section full_width=&#8221;yes&#8221; full_height=&#8221;yes&#8221; bg_position=&#8221;left bottom&#8221; wn_class=&#8221;wn-section-5e87310621763&#8243; css=&#8221;.vc_custom_1604271128630{background-image: url(https:\/\/champlacanienathenes.net\/wp-content\/uploads\/zone8.jpg?id=14039) !important;}&#8221;][vc_row][vc_column width=&#8221;5\/12&#8243; wn_class=&#8221;wn-column-5e871f7da0a74&#8243; css=&#8221;.vc_custom_1585919186624{margin-top: 15% !important;margin-right: 20% !important;margin-bottom: 20% !important;margin-left: 15% !important;padding-top: 8% !important;padding-right: 8% !important;padding-bottom: 8% !important;padding-left: 8% !important;background-color: #ffffff !important;}&#8221; offset=&#8221;vc_col-xs-8&#8243;]\n\t\t\t<div class=\"wn-deep-title-wrap   \"    data-id=\"6\">\n\t\t\t\t<div class=\"wn-deep-title\">\n\t\t\t\t\t<span class=\"wn-deep-title-shape after shape-coutn-0\"><\/span><h1 class=\"  wn-deep-innertitle\">ZONE PLURILINGUE \u2014 GR\u00c8CE, POLOGNE, ROUMANIE, LIBAN, TURQUIE<\/h1><h2 class=\"  wn-deep-subtitle\">2018<\/h2>\n\t\t\t\t<\/div>\n\t\t\t<\/div><div class=\"wn-distance-10 wn-distance-mob-0\"><\/div>[vc_column_text css_animation=&#8221;none&#8221;]\n<p style=\"font-weight: 300; font-size: 20px; line-height: 1.2; color: #241c15;\">C\u00e9l\u00e9bration de 20 ans de l\u2019Internationale des Forums du champ lacanien. Congr\u00e8s international de l\u2019Ecole des Forums du champ lacanien \u00e0 Barcelone et cr\u00e9ation de la zone plurilingue. Le Forum d\u2019Ath\u00e8nes est membre fondateur.<\/p>\n[\/vc_column_text][\/vc_column][\/vc_row][\/vc_section]\n<\/section>","protected":false},"excerpt":{"rendered":"<p>[vc_section full_width=&#8221;yes&#8221; full_height=&#8221;yes&#8221; bg_position=&#8221;center bottom&#8221; wn_class=&#8221;wn-section-5e87319bc3896&#8243; css=&#8221;.vc_custom_1604270725716{background-image: url(https:\/\/champlacanienathenes.net\/wp-content\/uploads\/Barcelona.jpg?id=14042) !important;}&#8221;][vc_row][vc_column][\/vc_column][\/vc_row][vc_row][vc_column width=&#8221;5\/12&#8243; wn_class=&#8221;wn-column-5e871f7da0a74&#8243; css=&#8221;.vc_custom_1585919127749{margin-top: 15% !important;margin-right: 20% !important;margin-bottom: 20% !important;margin-left: 15% !important;padding-top: 8% !important;padding-right: 8% !important;padding-bottom: 8% !important;padding-left: 8% !important;background-color: #ffffff !important;}&#8221; offset=&#8221;vc_col-xs-8&#8243;][vc_column_text css_animation=&#8221;none&#8221;] Fondation de l&#8217;Internationale des Forums du champ lacanien. Le Forum d&#8217;Ath\u00e8nes fut membre fondateur. [\/vc_column_text][\/vc_column][\/vc_row][\/vc_section][vc_section full_width=&#8221;yes&#8221; full_height=&#8221;yes&#8221; bg_position=&#8221;right center&#8221; wn_class=&#8221;wn-section-5e8744fdc58a1&#8243; css=&#8221;.vc_custom_1604270849938{background-image: url(https:\/\/champlacanienathenes.net\/wp-content\/uploads\/Paris.jpg?id=14036) !important;}&#8221;][vc_row][vc_column width=&#8221;5\/12&#8243; wn_class=&#8221;wn-column-5e871f7da0a74&#8243; css=&#8221;.vc_custom_1585919163427{margin-top: 15% !important;margin-right: 20% !important;margin-bottom: 20% !important;margin-left: 15% !important;padding-top: 8% !important;padding-right: 8% !important;padding-bottom: 8% !important;padding-left: 8% !important;background-color: #ffffff !important;}&#8221; offset=&#8221;vc_col-xs-8&#8243;][vc_column_text css_animation=&#8221;none&#8221;] Cr\u00e9ation de l\u2019Ecole de l\u2019Internationale des Forums du champ lacanien. Les premiers invit\u00e9s du Forum d\u2019Ath\u00e8nes sont Jacques Adam, Marc Strauss, Louis Izcovich, Colette Soler. [\/vc_column_text][\/vc_column][\/vc_row][\/vc_section][vc_section full_width=&#8221;yes&#8221; full_height=&#8221;yes&#8221; bg_position=&#8221;center bottom&#8221; wn_class=&#8221;wn-section-5e87451b81759&#8243; css=&#8221;.vc_custom_1604270875337{background-image: url(https:\/\/champlacanienathenes.net\/wp-content\/uploads\/forum_BWv2.jpg?id=14049) !important;}&#8221;][vc_row][vc_column width=&#8221;5\/12&#8243; wn_class=&#8221;wn-column-5e871f7da0a74&#8243; css=&#8221;.vc_custom_1585919163427{margin-top: 15% !important;margin-right: 20% !important;margin-bottom: 20% !important;margin-left: 15% !important;padding-top: 8% !important;padding-right: 8% !important;padding-bottom: 8% !important;padding-left: 8% !important;background-color: #ffffff !important;}&#8221; offset=&#8221;vc_col-xs-8&#8243;][vc_column_text css_animation=&#8221;none&#8221;] Le Forum d\u2019Ath\u00e8nes s\u2019installe dans le quartier de Plaka, au 17 rue Agias Filothe\u00efs. Ce lieu devient son si\u00e8ge officiel. Apparition du premier num\u00e9ro de la revue Cartel et de la collection Petite Biblioth\u00e8que aux \u00e9ditions Indiktos. [\/vc_column_text][\/vc_column][\/vc_row][\/vc_section][vc_section full_width=&#8221;yes&#8221; full_height=&#8221;yes&#8221; bg_position=&#8221;center bottom&#8221; wn_class=&#8221;wn-section-5e873053da705&#8243; css=&#8221;.vc_custom_1604270950388{background-image: url(https:\/\/champlacanienathenes.net\/wp-content\/uploads\/Volos.jpg?id=14045) !important;}&#8221;][vc_row][vc_column width=&#8221;5\/12&#8243; wn_class=&#8221;wn-column-5e871f7da0a74&#8243; css=&#8221;.vc_custom_1585919170106{margin-top: 15% !important;margin-right: 20% !important;margin-bottom: 20% !important;margin-left: 15% !important;padding-top: 8% !important;padding-right: 8% !important;padding-bottom: 8% !important;padding-left: 8% !important;background-color: #ffffff !important;}&#8221; offset=&#8221;vc_col-xs-8&#8243;][vc_column_text css_animation=&#8221;none&#8221;] Le Forum d\u2019Ath\u00e8nes commence la collaboration avec le centre de sant\u00e9 psychique de Volos qui durera deux ans. La clinique des n\u00e9vroses et des psychoses se trouve au centre de la probl\u00e9matique des s\u00e9minaires. [\/vc_column_text][\/vc_column][\/vc_row][\/vc_section][vc_section full_width=&#8221;yes&#8221; full_height=&#8221;yes&#8221; bg_position=&#8221;left bottom&#8221; wn_class=&#8221;wn-section-5e8730bed7525&#8243; css=&#8221;.vc_custom_1604271027652{background-image: url(https:\/\/champlacanienathenes.net\/wp-content\/uploads\/Hospital-Sotiria.jpg?id=14033) !important;}&#8221;][vc_row][vc_column width=&#8221;5\/12&#8243; wn_class=&#8221;wn-column-5e871f7da0a74&#8243; css=&#8221;.vc_custom_1585919177690{margin-top: 15% !important;margin-right: 20% !important;margin-bottom: 20% !important;margin-left: 15% !important;padding-top: 8% !important;padding-right: 8% !important;padding-bottom: 8% !important;padding-left: 8% !important;background-color: #ffffff !important;}&#8221; offset=&#8221;vc_col-xs-8&#8243;][vc_column_text css_animation=&#8221;none&#8221;] Cr\u00e9ation de la formation clinique du Forum d\u2019Ath\u00e8nes et inauguration des s\u00e9minaires annuels en collaboration avec le domaine psychiatrique de l&#8217;h\u00f4pital g\u00e9n\u00e9ral d&#8217;Ath\u00e8nes pour les maladies thoraciques \u00abSotiria\u00bb. [\/vc_column_text][\/vc_column][\/vc_row][\/vc_section][vc_section full_width=&#8221;yes&#8221;&#8230; <\/p>\n<p><a class=\"readmore\" href=\"https:\/\/champlacanienathenes.net\/fr\/historique\/\">Continue Reading<\/a><\/p>\n","protected":false},"author":1,"featured_media":0,"parent":0,"menu_order":0,"comment_status":"closed","ping_status":"closed","template":"","meta":{"footnotes":""},"class_list":["post-14179","page","type-page","status-publish","hentry"],"_links":{"self":[{"href":"https:\/\/champlacanienathenes.net\/fr\/wp-json\/wp\/v2\/pages\/14179","targetHints":{"allow":["GET"]}}],"collection":[{"href":"https:\/\/champlacanienathenes.net\/fr\/wp-json\/wp\/v2\/pages"}],"about":[{"href":"https:\/\/champlacanienathenes.net\/fr\/wp-json\/wp\/v2\/types\/page"}],"author":[{"embeddable":true,"href":"https:\/\/champlacanienathenes.net\/fr\/wp-json\/wp\/v2\/users\/1"}],"replies":[{"embeddable":true,"href":"https:\/\/champlacanienathenes.net\/fr\/wp-json\/wp\/v2\/comments?post=14179"}],"version-history":[{"count":0,"href":"https:\/\/champlacanienathenes.net\/fr\/wp-json\/wp\/v2\/pages\/14179\/revisions"}],"wp:attachment":[{"href":"https:\/\/champlacanienathenes.net\/fr\/wp-json\/wp\/v2\/media?parent=14179"}],"curies":[{"name":"wp","href":"https:\/\/api.w.org\/{rel}","templated":true}]}}